{"id":480,"date":"2019-08-05T11:33:58","date_gmt":"2019-08-05T09:33:58","guid":{"rendered":"https:\/\/yotuel.es\/?page_id=480"},"modified":"2019-10-02T13:16:03","modified_gmt":"2019-10-02T11:16:03","slug":"conocenos","status":"publish","type":"page","link":"https:\/\/yotuel.com\/es\/conocenos\/","title":{"rendered":"Con\u00f3cenos"},"content":{"rendered":"\t<div id=\"gap-1715751728\" class=\"gap-element clearfix show-for-small\" style=\"display:block; height:auto;\">\n\t\t\n<style>\n#gap-1715751728 {\n  padding-top: 10vh;\n}\n<\/style>\n\t<\/div>\n\t\n\t<div id=\"gap-1298491514\" class=\"gap-element clearfix hide-for-small\" style=\"display:block; height:auto;\">\n\t\t\n<style>\n#gap-1298491514 {\n  padding-top: 20vh;\n}\n<\/style>\n\t<\/div>\n\t\n<div class=\"row\"  id=\"row-1188329881\">\n\n\t<div id=\"col-291558780\" class=\"col hola waypoint product-home medium-7 small-12 large-7\"  >\n\t\t\t\t<div class=\"col-inner\"  >\n\t\t\t\n\t\t\t\n<p class=\"pre-title\">CON\u00d3CENOS<\/P><\/p>\n<h1>Expertos en sonrisas blancas<\/h1>\n\t\t<\/div>\n\t\t\t\t\t<\/div>\n\n\t\n<\/div>\n\t<div id=\"gap-823579592\" class=\"gap-element clearfix\" style=\"display:block; height:auto;\">\n\t\t\n<style>\n#gap-823579592 {\n  padding-top: 30px;\n}\n<\/style>\n\t<\/div>\n\t\n\t<section class=\"section waypoint conocenos\" id=\"section_1614711284\">\n\t\t<div class=\"bg section-bg fill bg-fill  \" >\n\n\t\t\t\n\t\t\t<div class=\"section-bg-overlay absolute fill\"><\/div>\n\t\t\t\n\n\t\t<\/div>\n\n\t\t\n\n\t\t<div class=\"section-content relative\">\n\t\t\t\n\t\t<\/div>\n\n\t\t\n<style>\n#section_1614711284 {\n  padding-top: 130px;\n  padding-bottom: 130px;\n}\n#section_1614711284 .section-bg-overlay {\n  background-color: rgb(238, 236, 234);\n}\n#section_1614711284 .section-bg.bg-loaded {\n  background-image: url(https:\/\/yotuel.com\/wp-content\/uploads\/2019\/08\/conocenos-yotuel.jpg);\n}\n#section_1614711284 .section-bg {\n  background-position: 53% 33%;\n}\n@media (min-width:550px) {\n  #section_1614711284 {\n    padding-top: 300px;\n    padding-bottom: 300px;\n  }\n}\n<\/style>\n\t<\/section>\n\t\n\t<div id=\"gap-700293230\" class=\"gap-element clearfix hide-for-small\" style=\"display:block; height:auto;\">\n\t\t\n<style>\n#gap-700293230 {\n  padding-top: 15vh;\n}\n<\/style>\n\t<\/div>\n\t\n<div class=\"row align-middle\"  id=\"row-1662826079\">\n\n\t<div id=\"col-307001774\" class=\"col medium-8 small-12 large-8\"  >\n\t\t\t\t<div class=\"col-inner\"  >\n\t\t\t\n\t\t\t\n\t<div id=\"gap-630990078\" class=\"gap-element clearfix show-for-small\" style=\"display:block; height:auto;\">\n\t\t\n<style>\n#gap-630990078 {\n  padding-top: 80px;\n}\n<\/style>\n\t<\/div>\n\t\n<h3 style=\"font-size:150%\">En YOTUEL nos apasiona dise\u00f1ar y fabricar productos de higiene bucodental que mejoren la salud y calidad de vida de las personas.<\/h3>\n<h3 style=\"font-size:150%\">Por eso hemos lanzado al mercado varias l\u00edneas de productos blanqueadores que est\u00e1n transformando la rutina bucodental diaria de miles de personas.<\/h3>\n\t\t<\/div>\n\t\t\t\t\t<\/div>\n\n\t\n\n\t<div id=\"col-913913846\" class=\"col waypoint medium-4 small-12 large-4\"  >\n\t\t\t\t<div class=\"col-inner text-center\"  >\n\t\t\t\n\t\t\t\n\t<div class=\"img has-hover x md-x lg-x y md-y lg-y\" id=\"image_265282876\">\n\t\t\t\t\t\t\t\t<div class=\"img-inner image-cover dark\" style=\"padding-top:100%;\">\n\t\t\t<img loading=\"lazy\" decoding=\"async\" width=\"500\" height=\"500\" src=\"https:\/\/yotuel.com\/wp-content\/uploads\/2019\/08\/dentifricos.png\" class=\"attachment-large size-large\" alt=\"\" srcset=\"https:\/\/yotuel.com\/wp-content\/uploads\/2019\/08\/dentifricos.png 500w, https:\/\/yotuel.com\/wp-content\/uploads\/2019\/08\/dentifricos-400x400.png 400w, https:\/\/yotuel.com\/wp-content\/uploads\/2019\/08\/dentifricos-150x150.png 150w, https:\/\/yotuel.com\/wp-content\/uploads\/2019\/08\/dentifricos-300x300.png 300w, https:\/\/yotuel.com\/wp-content\/uploads\/2019\/08\/dentifricos-500x500.png 600w\" sizes=\"auto, (max-width: 500px) 100vw, 500px\" \/>\t\t\t\t\t\t\t<div class=\"overlay\" style=\"background-color: rgb(238, 236, 234)\"><\/div>\n\t\t\t\t\t\t\n\t\t\t\t\t<\/div>\n\t\t\t\t\t\t\t\t\n<style>\n#image_265282876 {\n  width: 75%;\n}\n@media (min-width:550px) {\n  #image_265282876 {\n    width: 67%;\n  }\n}\n@media (min-width:850px) {\n  #image_265282876 {\n    width: 83%;\n  }\n}\n<\/style>\n\t<\/div>\n\t\n\t\t<\/div>\n\t\t\t\t\t<\/div>\n\n\t\n<\/div>\n\t<div id=\"gap-691211111\" class=\"gap-element clearfix hide-for-medium\" style=\"display:block; height:auto;\">\n\t\t\n<style>\n#gap-691211111 {\n  padding-top: 10vh;\n}\n<\/style>\n\t<\/div>\n\t\n\t<section class=\"section\" id=\"section_1292704653\">\n\t\t<div class=\"bg section-bg fill bg-fill  bg-loaded\" >\n\n\t\t\t\n\t\t\t\n\t\t\t\n\n\t\t<\/div>\n\n\t\t\n\n\t\t<div class=\"section-content relative\">\n\t\t\t\n<div class=\"row align-middle\"  id=\"row-539491222\">\n\n\t<div id=\"col-932730099\" class=\"col product-home waypoint small-12 large-12\"  >\n\t\t\t\t<div class=\"col-inner\"  >\n\t\t\t\n\t\t\t\n<div class=\"message-box relative\" style=\"padding-top:25px;padding-bottom:25px;\"><div class=\"message-box-bg-image bg-fill fill\" ><\/div><div class=\"message-box-bg-overlay bg-fill fill\" style=\"background-color:rgb(226, 222, 219);\"><\/div><div class=\"container relative\"><div class=\"inner last-reset\">\n<div class=\"row align-middle align-right\"  id=\"row-607778087\">\n\n\t<div id=\"col-551089795\" class=\"col z99 small-12 large-12\"  data-animate=\"bounceIn\">\n\t\t\t\t<div class=\"col-inner text-center\"  >\n\t\t\t\n\t\t\t\n<h2>\u00bfPor qu\u00e9 elegir YOTUEL?<\/h2>\n\t\t<\/div>\n\t\t\t\t\t<\/div>\n\n\t\n\n\t<div id=\"col-365064397\" class=\"col medium-8 small-12 large-5\"  >\n\t\t\t\t<div class=\"col-inner text-left\"  >\n\t\t\t\n\t\t\t\n\t<div class=\"img has-hover x md-x lg-x y md-y lg-y\" id=\"image_303616747\">\n\t\t\t\t\t\t\t\t<div class=\"img-inner image-cover dark\" style=\"padding-top:140%;margin:-100px 0px 0px 0px;\">\n\t\t\t<img loading=\"lazy\" decoding=\"async\" width=\"683\" height=\"1024\" src=\"https:\/\/yotuel.com\/wp-content\/uploads\/2019\/08\/conocenos-2-e1567091813650-683x1024.jpg\" class=\"attachment-large size-large\" alt=\"\" srcset=\"https:\/\/yotuel.com\/wp-content\/uploads\/2019\/08\/conocenos-2-e1567091813650-683x1024.jpg 683w, https:\/\/yotuel.com\/wp-content\/uploads\/2019\/08\/conocenos-2-e1567091813650-400x600.jpg 400w, https:\/\/yotuel.com\/wp-content\/uploads\/2019\/08\/conocenos-2-e1567091813650-768x1151.jpg 768w, https:\/\/yotuel.com\/wp-content\/uploads\/2019\/08\/conocenos-2-e1567091813650-200x300.jpg 200w, https:\/\/yotuel.com\/wp-content\/uploads\/2019\/08\/conocenos-2-e1567091813650.jpg 800w\" sizes=\"auto, (max-width: 683px) 100vw, 683px\" \/>\t\t\t\t\t\t\t<div class=\"overlay\" style=\"background-color: rgb(228, 225, 223)\"><\/div>\n\t\t\t\t\t\t\n\t\t\t\t\t<\/div>\n\t\t\t\t\t\t\t\t\n<style>\n#image_303616747 {\n  width: 90%;\n}\n<\/style>\n\t<\/div>\n\t\n\t\t<\/div>\n\t\t\t\t\n<style>\n#col-365064397 > .col-inner {\n  margin: -22px 0px 0px 0px;\n}\n<\/style>\n\t<\/div>\n\n\t\n\n\t<div id=\"col-281624242\" class=\"col medium-11 small-12 large-7\"  >\n\t\t\t\t<div class=\"col-inner\"  >\n\t\t\t\n\t\t\t\n<h3>honestidad + confianza<\/h3>\n<p>Todo el equipo de YOTUEL trabajamos mediante la honestidad y confianza en nuestros consumidores, empleados y socios. Nuestro trabajo va en la misma direcci\u00f3n y por ello, nuestros productos cuentan con las mejores caracter\u00edsticas del mercado. Esto es posible porque todos trabajamos bajo los mismos valores y perseguimos el mismo objetivo: permanecer a la vanguardia del cuidado bucodental mediante la investigaci\u00f3n basada en la mejora continua de nuestros productos.<\/p>\n<p>Somos diferentes porque los productos de YOTUEL:<\/p>\n\t<div id=\"gap-1014508213\" class=\"gap-element clearfix\" style=\"display:block; height:auto;\">\n\t\t\n<style>\n#gap-1014508213 {\n  padding-top: 15px;\n}\n<\/style>\n\t<\/div>\n\t\n<div class=\"row ticks-plus\"  id=\"row-701035781\">\n\n\t<div id=\"col-481024961\" class=\"col small-12 large-12\"  >\n\t\t\t\t<div class=\"col-inner\"  >\n\t\t\t\n\t\t\t\n<ul>\n<li class=\"bullet-arrow\">\n<p class=\"p1\"><span style=\"font-size: 105%;\">Protegen la erosi\u00f3n dental por su baja abrasividad y las f\u00f3rmulas de pH neutro.<\/span><\/p>\n<\/li>\n<li class=\"bullet-arrow\">\n<p class=\"p1\"><span style=\"font-size: 105%;\">Conservan la microflora de la boca ya que todos los productos no contienen alcohol.<\/span><\/p>\n<\/li>\n<li class=\"bullet-arrow\">\n<p class=\"p1\"><span style=\"font-size: 105%;\">Contienen una alta capacidad de eliminaci\u00f3n de placa bacteriana.<\/span><\/p>\n<\/li>\n<li class=\"bullet-arrow\">\n<p class=\"p1\"><span style=\"font-size: 105%;\">Eliminan las manchas de los dientes sin abrasividad.<\/span><\/p>\n<\/li>\n<li class=\"bullet-arrow\">\n<p class=\"p1\"><span style=\"font-size: 105%;\">Protegen la aparici\u00f3n de caries dentales gracias al <a href=\"https:\/\/yotuel.com\/que-es-el-xilitol-y-como-ayuda-en-la-higiene-bucodental\/\">Xilitol<\/a> y Fl\u00faor.<\/span><\/p>\n<\/li>\n<\/ul>\n\t\t<\/div>\n\t\t\t\t\t<\/div>\n\n\t\n<\/div>\n\t<div id=\"gap-1085627692\" class=\"gap-element clearfix\" style=\"display:block; height:auto;\">\n\t\t\n<style>\n#gap-1085627692 {\n  padding-top: 25px;\n}\n<\/style>\n\t<\/div>\n\t\n\t\t<\/div>\n\t\t\t\t\t<\/div>\n\n\t\n<\/div>\n<\/div><\/div><\/div>\n\t<div id=\"gap-1798435593\" class=\"gap-element clearfix hide-for-medium\" style=\"display:block; height:auto;\">\n\t\t\n<style>\n#gap-1798435593 {\n  padding-top: 2vh;\n}\n<\/style>\n\t<\/div>\n\t\n\t\t<\/div>\n\t\t\t\t\n<style>\n#col-932730099 > .col-inner {\n  padding: 69px 0px 0px 0px;\n}\n<\/style>\n\t<\/div>\n\n\t\n<\/div>\n\t\t<\/div>\n\n\t\t\n<style>\n#section_1292704653 {\n  padding-top: 31px;\n  padding-bottom: 31px;\n}\n<\/style>\n\t<\/section>\n\t\n\t<div id=\"gap-2051484280\" class=\"gap-element clearfix hide-for-small\" style=\"display:block; height:auto;\">\n\t\t\n<style>\n#gap-2051484280 {\n  padding-top: 20vh;\n}\n<\/style>\n\t<\/div>\n\t\n<div class=\"row align-center\"  id=\"row-1143244768\">\n\n\t<div id=\"col-1812862411\" class=\"col product-home  waypoint medium-10 small-12 large-10\"  >\n\t\t\t\t<div class=\"col-inner text-center\"  >\n\t\t\t\n\t\t\t\n<h2>Queremos seguir creciendo contigo<\/h2>\n<p class=\"lead\">En tan solo diez a\u00f1os, YOTUEL ha conseguido ser el n\u00famero uno de ventas en el pa\u00eds m\u00e1s desarrollado en salud bucodental en Europa: Finlandia.<\/p>\n<p class=\"lead\">La marca esta desarrollada por Biocosmetics Laboratories que lleva 25 a\u00f1os a la vanguardia del cuidado bucal. Durante este tiempo, hemos registrado 130 patentes en todo el mundo y contamos con nuestro propio departamento de I+D+i que nos ha permitido dise\u00f1ar y fabricar productos de gran calidad.<\/p>\n\t\t<\/div>\n\t\t\t\t\t<\/div>\n\n\t\n<\/div>\n\t<div id=\"gap-1514615955\" class=\"gap-element clearfix\" style=\"display:block; height:auto;\">\n\t\t\n<style>\n#gap-1514615955 {\n  padding-top: 20vh;\n}\n<\/style>\n\t<\/div>\n\t\n<div class=\"row row-collapse logo-pre-footer\"  id=\"row-2069676659\">\n\n\n\t<div id=\"col-596129506\" class=\"col small-12 large-12\"  >\n\t\t\t\t<div class=\"col-inner text-center\"  data-parallax-fade=\"true\" data-parallax=\"4\">\n\t\t\t\n\t\t\t\n\n\t<div class=\"img has-hover x md-x lg-x y md-y lg-y\" id=\"image_1880958813\">\n\t\t\t\t\t\t<div data-animate=\"fadeInUp\">\t\t<div class=\"img-inner dark\" >\n\t\t\t<img loading=\"lazy\" decoding=\"async\" width=\"1\" height=\"1\" src=\"https:\/\/yotuel.com\/wp-content\/uploads\/2019\/07\/yotuel-logo-black.svg\" class=\"attachment-large size-large\" alt=\"\" \/>\t\t\t\t\t\t\n\t\t\t\t\t<\/div>\n\t\t<\/div>\t\t\t\t\t\t\n<style>\n#image_1880958813 {\n  width: 85%;\n}\n@media (min-width:550px) {\n  #image_1880958813 {\n    width: 64%;\n  }\n}\n<\/style>\n\t<\/div>\n\t\n\n\n\t\t<\/div>\n\t\t\t\t\n<style>\n#col-596129506 > .col-inner {\n  margin: 0px 0px 16px 0px;\n}\n<\/style>\n\t<\/div>\n\n\t\n\n<\/div>\n","protected":false},"excerpt":{"rendered":"","protected":false},"author":1,"featured_media":0,"parent":0,"menu_order":0,"comment_status":"closed","ping_status":"closed","template":"page-blank.php","meta":{"footnotes":""},"class_list":["post-480","page","type-page","status-publish","hentry"],"yoast_head":"<!-- This site is optimized with the Yoast SEO plugin v27.3 - https:\/\/yoast.com\/product\/yoast-seo-wordpress\/ -->\n<title>Con\u00f3cenos - Yotuel<\/title>\n<meta name=\"robots\" content=\"index, follow, max-snippet:-1, max-image-preview:large, max-video-preview:-1\" \/>\n<link rel=\"canonical\" href=\"https:\/\/yotuel.com\/es\/conocenos\/\" \/>\n<meta property=\"og:locale\" content=\"es_ES\" \/>\n<meta property=\"og:type\" content=\"article\" \/>\n<meta property=\"og:title\" content=\"Con\u00f3cenos - Yotuel\" \/>\n<meta property=\"og:url\" content=\"https:\/\/yotuel.com\/es\/conocenos\/\" \/>\n<meta property=\"og:site_name\" content=\"Yotuel\" \/>\n<meta property=\"article:modified_time\" content=\"2019-10-02T11:16:03+00:00\" \/>\n<meta name=\"twitter:card\" content=\"summary_large_image\" \/>\n<meta name=\"twitter:label1\" content=\"Tiempo de lectura\" \/>\n\t<meta name=\"twitter:data1\" content=\"3 minutos\" \/>\n<script type=\"application\/ld+json\" class=\"yoast-schema-graph\">{\"@context\":\"https:\\\/\\\/schema.org\",\"@graph\":[{\"@type\":\"WebPage\",\"@id\":\"https:\\\/\\\/yotuel.com\\\/es\\\/conocenos\\\/\",\"url\":\"https:\\\/\\\/yotuel.com\\\/es\\\/conocenos\\\/\",\"name\":\"Con\u00f3cenos - Yotuel\",\"isPartOf\":{\"@id\":\"https:\\\/\\\/yotuel.com\\\/es\\\/#website\"},\"datePublished\":\"2019-08-05T09:33:58+00:00\",\"dateModified\":\"2019-10-02T11:16:03+00:00\",\"breadcrumb\":{\"@id\":\"https:\\\/\\\/yotuel.com\\\/es\\\/conocenos\\\/#breadcrumb\"},\"inLanguage\":\"es\",\"potentialAction\":[{\"@type\":\"ReadAction\",\"target\":[\"https:\\\/\\\/yotuel.com\\\/es\\\/conocenos\\\/\"]}]},{\"@type\":\"BreadcrumbList\",\"@id\":\"https:\\\/\\\/yotuel.com\\\/es\\\/conocenos\\\/#breadcrumb\",\"itemListElement\":[{\"@type\":\"ListItem\",\"position\":1,\"name\":\"Portada\",\"item\":\"https:\\\/\\\/yotuel.com\\\/es\\\/\"},{\"@type\":\"ListItem\",\"position\":2,\"name\":\"Con\u00f3cenos\"}]},{\"@type\":\"WebSite\",\"@id\":\"https:\\\/\\\/yotuel.com\\\/es\\\/#website\",\"url\":\"https:\\\/\\\/yotuel.com\\\/es\\\/\",\"name\":\"Yotuel\",\"description\":\"Protege y blanquea tus dientes\",\"potentialAction\":[{\"@type\":\"SearchAction\",\"target\":{\"@type\":\"EntryPoint\",\"urlTemplate\":\"https:\\\/\\\/yotuel.com\\\/es\\\/?s={search_term_string}\"},\"query-input\":{\"@type\":\"PropertyValueSpecification\",\"valueRequired\":true,\"valueName\":\"search_term_string\"}}],\"inLanguage\":\"es\"}]}<\/script>\n<!-- \/ Yoast SEO plugin. -->","yoast_head_json":{"title":"Con\u00f3cenos - Yotuel","robots":{"index":"index","follow":"follow","max-snippet":"max-snippet:-1","max-image-preview":"max-image-preview:large","max-video-preview":"max-video-preview:-1"},"canonical":"https:\/\/yotuel.com\/es\/conocenos\/","og_locale":"es_ES","og_type":"article","og_title":"Con\u00f3cenos - Yotuel","og_url":"https:\/\/yotuel.com\/es\/conocenos\/","og_site_name":"Yotuel","article_modified_time":"2019-10-02T11:16:03+00:00","twitter_card":"summary_large_image","twitter_misc":{"Tiempo de lectura":"3 minutos"},"schema":{"@context":"https:\/\/schema.org","@graph":[{"@type":"WebPage","@id":"https:\/\/yotuel.com\/es\/conocenos\/","url":"https:\/\/yotuel.com\/es\/conocenos\/","name":"Con\u00f3cenos - Yotuel","isPartOf":{"@id":"https:\/\/yotuel.com\/es\/#website"},"datePublished":"2019-08-05T09:33:58+00:00","dateModified":"2019-10-02T11:16:03+00:00","breadcrumb":{"@id":"https:\/\/yotuel.com\/es\/conocenos\/#breadcrumb"},"inLanguage":"es","potentialAction":[{"@type":"ReadAction","target":["https:\/\/yotuel.com\/es\/conocenos\/"]}]},{"@type":"BreadcrumbList","@id":"https:\/\/yotuel.com\/es\/conocenos\/#breadcrumb","itemListElement":[{"@type":"ListItem","position":1,"name":"Portada","item":"https:\/\/yotuel.com\/es\/"},{"@type":"ListItem","position":2,"name":"Con\u00f3cenos"}]},{"@type":"WebSite","@id":"https:\/\/yotuel.com\/es\/#website","url":"https:\/\/yotuel.com\/es\/","name":"Yotuel","description":"Protege y blanquea tus dientes","potentialAction":[{"@type":"SearchAction","target":{"@type":"EntryPoint","urlTemplate":"https:\/\/yotuel.com\/es\/?s={search_term_string}"},"query-input":{"@type":"PropertyValueSpecification","valueRequired":true,"valueName":"search_term_string"}}],"inLanguage":"es"}]}},"_links":{"self":[{"href":"https:\/\/yotuel.com\/es\/wp-json\/wp\/v2\/pages\/480","targetHints":{"allow":["GET"]}}],"collection":[{"href":"https:\/\/yotuel.com\/es\/wp-json\/wp\/v2\/pages"}],"about":[{"href":"https:\/\/yotuel.com\/es\/wp-json\/wp\/v2\/types\/page"}],"author":[{"embeddable":true,"href":"https:\/\/yotuel.com\/es\/wp-json\/wp\/v2\/users\/1"}],"replies":[{"embeddable":true,"href":"https:\/\/yotuel.com\/es\/wp-json\/wp\/v2\/comments?post=480"}],"version-history":[{"count":0,"href":"https:\/\/yotuel.com\/es\/wp-json\/wp\/v2\/pages\/480\/revisions"}],"wp:attachment":[{"href":"https:\/\/yotuel.com\/es\/wp-json\/wp\/v2\/media?parent=480"}],"curies":[{"name":"wp","href":"https:\/\/api.w.org\/{rel}","templated":true}]}}