{"id":931,"date":"2019-08-29T13:53:37","date_gmt":"2019-08-29T11:53:37","guid":{"rendered":"https:\/\/yotuel.es\/?page_id=931"},"modified":"2020-06-11T14:05:23","modified_gmt":"2020-06-11T12:05:23","slug":"aviso-legal","status":"publish","type":"page","link":"https:\/\/yotuel.com\/es\/aviso-legal\/","title":{"rendered":"Aviso legal"},"content":{"rendered":"<div class=\"row\"  id=\"row-1610636480\">\n\n\t<div id=\"col-492982593\" class=\"col small-12 large-12\"  >\n\t\t\t\t<div class=\"col-inner\"  >\n\t\t\t\n\t\t\t\n<h1>Aviso legal<\/h1>\n<h3>1.- Titular del sitio web<\/h3>\n<p><strong>Denominaci\u00f3n Social:<\/strong>\u00a0Bio Cosmetics S.L.<\/p>\n<p><strong>CIF:<\/strong>\u00a0B80924632<\/p>\n<p><strong>Domicilio Social:<\/strong>\u00a0Araquil, 1111, 28023, MADRID<\/p>\n<p><strong>Contacto:<\/strong><br \/>\nTel\u00e9fono:\u00a0913571583<br \/>\nEmail:\u00a0biocosmetics@biocosmetics.es<\/p>\n<p><strong>Datos de de Inscripci\u00f3n en el registro mercantil<\/strong><br \/>\nTomo: 8.185<br \/>\nFolio: 85<br \/>\nHoja: M-132062<br \/>\nLibro: 0<br \/>\nSecc: 8\u00aa<\/p>\n<h3>2.- Condiciones de uso<\/h3>\n<p>Las presentes condiciones regulan el uso del sitio web donde se facilita al p\u00fablico informaci\u00f3n relativa a los servicios de\u00a0<span class=\"autto\">Bio Cosmetics S.L.<\/span>. Le rogamos lea detenidamente la informaci\u00f3n que le facilitamos. El hecho de acceder a este sitio web y utilizar los materiales contenidos en ella implica que usted ha le\u00eddo y acepta, sin reserva alguna, estas condiciones.\u00a0<span class=\"autto\">Bio Cosmetics S.L.<\/span>\u00a0se reserva el derecho de denegar, suspender, interrumpir o cancelar el acceso o la utilizaci\u00f3n, total o parcialmente, de este sitio web a aquellos usuarios o visitantes del mismo que incumplan cualquiera de las condiciones previstas en este Aviso Legal.<\/p>\n<p>Este sitio web contiene materiales, como art\u00edculos, estudios, descripci\u00f3n de proyectos, preparados por\u00a0<span class=\"autto\">Bio Cosmetics S.L.<\/span>\u00a0con fines \u00fanicamente informativos.\u00a0<span class=\"autto\">Bio Cosmetics S.L.<\/span>\u00a0le informa que estos materiales puedes ser modificados, desarrollados o actualizados en cualquier momento sin notificaci\u00f3n previa.<\/p>\n<h3>3.- Derechos de Propiedad Intelectual e Industrial<\/h3>\n<p>Bio Cosmetics S.L.<br \/>\nCIF B80924632<br \/>\nAraquil, 11<br \/>\n28013 \u2013 Madrid<br \/>\n\u00a9 2019\u00a0<span class=\"autto\">Bio Cosmetics S.L.<\/span>. Todos los derechos reservados.<\/p>\n<p>La totalidad del contenido de este sitio web, entendiendo por contenido a titulo meramente enunciativo, textos, im\u00e1genes, ficheros, fotograf\u00edas, logotipos, gr\u00e1ficos, marcas, iconos, combinaciones de colores, o cualquier otro elemento, su estructura y dise\u00f1o, la selecci\u00f3n y forma de presentaci\u00f3n de los materiales incluidos en la misma, y el software, links y dem\u00e1s contenidos audiovisuales o sonoros, as\u00ed como su dise\u00f1o gr\u00e1fico y c\u00f3digos fuentes necesarios para su funcionamiento, acceso y utilizaci\u00f3n, est\u00e1n protegidos por derechos de propiedad industrial e intelectual, titularidad de\u00a0<span class=\"autto\">Bio Cosmetics S.L.<\/span>\u00a0o de terceros, sin que puedan entenderse cedidos los derechos de explotaci\u00f3n sobre los mismos m\u00e1s all\u00e1 de lo estrictamente necesario para el correcto uso del sitio Web.<\/p>\n<p>En particular, quedan prohibidas la reproducci\u00f3n, la transformaci\u00f3n, distribuci\u00f3n, comunicaci\u00f3n p\u00fablica, puesta a disposici\u00f3n del p\u00fablico y en general cualquier otra forma de explotaci\u00f3n, por cualquier procedimiento, de todo o parte de los contenidos de este sitio web, as\u00ed como de su dise\u00f1o y la selecci\u00f3n y forma de presentaci\u00f3n de los materiales incluidos en la misma. Estos actos de explotaci\u00f3n solo podr\u00e1n ser realizados si media la autorizaci\u00f3n expresa de\u00a0<span class=\"autto\">Bio Cosmetics S.L.<\/span>\u00a0y siempre que se haga referencia a la titularidad de\u00a0<span class=\"autto\">Bio Cosmetics S.L.<\/span>\u00a0de los indicados derechos de propiedad intelectual e industrial.<\/p>\n<p>Queda asimismo prohibido descompilar, desensamblar, realizar ingenier\u00eda inversa, sublicenciar o transmitir de cualquier modo, traducir o realizar obras derivadas de los programas de ordenador necesarios para el funcionamiento, acceso y utilizaci\u00f3n de este sitio web y de los servicios en \u00e9l contenidos, as\u00ed como realizar, respecto a todo o parte de tales programas, cualesquiera de los actos de explotaci\u00f3n descritos en el p\u00e1rrafo anterior. El usuario del sitio web deber\u00e1 abstenerse en todo caso de suprimir, alterar, eludir o manipular cualquier dispositivo de protecci\u00f3n o sistemas de seguridad que puedan estar instalados en el mismo.<\/p>\n<p>Las marcas, nombres comerciales o signos distintivos son titularidad de\u00a0<span class=\"autto\">Bio Cosmetics S.L.<\/span>\u00a0o de terceros, sin que pueda entenderse que el acceso al sitio web atribuya ning\u00fan derecho sobre las citadas marcas, nombres comerciales y\/o signos distintivos.<\/p>\n<h3>4.- Hiperenlaces<\/h3>\n<p>Los hiperenlaces o links que contiene este sitio web pueden conducir al usuario a otros sitios y p\u00e1ginas web gestionados por terceros, sobre las que\u00a0<span class=\"autto\">Bio Cosmetics S.L.<\/span>\u00a0no ejerce ning\u00fan tipo de control,\u00a0<span class=\"autto\">Bio Cosmetics S.L.<\/span>\u00a0no responde ni de los contenidos ni del estado de dichos sitios y p\u00e1ginas web, y el acceso a las mismas a trav\u00e9s de este sitio web tampoco implica que\u00a0<span class=\"autto\">Bio Cosmetics S.L.<\/span>\u00a0recomiende o apruebe sus contenidos.<\/p>\n<h3>5.- Modificaciones<\/h3>\n<p>Con el fin de mejorar el sitio web,\u00a0<span class=\"autto\">Bio Cosmetics S.L.<\/span>\u00a0se reserva el derecho, en cualquier momento y sin previa notificaci\u00f3n, a modificar, ampliar o suspender temporalmente la presentaci\u00f3n, configuraci\u00f3n, especificaciones t\u00e9cnicas y servicios del sitio web, de forma unilateral.<\/p>\n<p>Asimismo se reserva el derecho de modificar en cualquier momento las presentes condiciones de uso as\u00ed como cualesquiera otras condiciones particulares.<\/p>\n<h3>6.- Exclusi\u00f3n de responsabilidad<\/h3>\n<p>Quien utiliza este sitio web, lo hace por su propia cuenta y riesgo.\u00a0<span class=\"autto\">Bio Cosmetics S.L.<\/span>, sus socios, colaboradores, empleados y representantes no se responsabilizan de los errores u omisiones de los que pudieran adolecer los contenidos este sitio web u otros contenidos a los que se pueda acceder a trav\u00e9s de la misma.\u00a0<span class=\"autto\">Bio Cosmetics S.L.<\/span>, sus socios, colaboradores, empleados y representantes tampoco podr\u00e1n ser considerados responsables por cualesquiera da\u00f1os derivados de la utilizaci\u00f3n de este sitio web, ni por cualquier actuaci\u00f3n realizada sobre la base de la informaci\u00f3n que en \u00e9l se facilita.<\/p>\n<p>La informaci\u00f3n de este sitio web se proporciona sin garant\u00eda de ninguna clase, ni expl\u00edcita ni impl\u00edcita, y podr\u00e1 cambiarse o actualizarse sin previo aviso.<\/p>\n<p><span class=\"autto\">Bio Cosmetics S.L.<\/span>\u00a0no puede garantizar la ausencia de virus, gusanos u otros elementos inform\u00e1ticos lesivos que pudieran causar da\u00f1os o alteraciones en el sistema inform\u00e1tico, en los documentos electr\u00f3nicos o en los ficheros del usuario de este sitio web. En consecuencia,\u00a0<span class=\"autto\">Bio Cosmetics S.L.<\/span>\u00a0no responde por los da\u00f1os y perjuicios que tales elementos pudieran ocasionar al usuario o a terceros. As\u00ed mismo no se responsabiliza ni garantiza la disponibilidad y continuidad en el acceso a este sitio web o que el mismo est\u00e9 libre de errores, correspondiendo al usuario del sitio Web, en cualquier caso, la obligaci\u00f3n de disponer herramientas adecuadas para la detecci\u00f3n y desinfecci\u00f3n de programas inform\u00e1ticos da\u00f1inos o lesivos.<\/p>\n<p>El usuario responder\u00e1 de los da\u00f1os y perjuicios de toda naturaleza que\u00a0<span class=\"autto\">Bio Cosmetics S.L.<\/span>\u00a0pueda sufrir como consecuencia del incumplimiento de cualquiera de las obligaciones a las que queda sometido por las presentes condiciones. El usuario es consciente y acepta voluntariamente que el uso de cualesquiera contenidos de este sitio web tiene lugar, en todo caso, bajo su \u00fanica y exclusiva responsabilidad.<\/p>\n<h3>7.- Legislaci\u00f3n<\/h3>\n<p>Las presentes condiciones de uso se rigen en todos y cada uno de sus extremos por la legislaci\u00f3n espa\u00f1ola.<\/p>\n\t\t<\/div>\n\t\t\t\t\t<\/div>\n\n\t\n<\/div>\n","protected":false},"excerpt":{"rendered":"","protected":false},"author":1,"featured_media":0,"parent":0,"menu_order":0,"comment_status":"closed","ping_status":"closed","template":"page-blank.php","meta":{"footnotes":""},"class_list":["post-931","page","type-page","status-publish","hentry"],"yoast_head":"<!-- This site is optimized with the Yoast SEO plugin v27.3 - https:\/\/yoast.com\/product\/yoast-seo-wordpress\/ -->\n<title>Aviso legal - Yotuel<\/title>\n<meta name=\"description\" content=\"Las presentes condiciones regulan el uso del sitio web donde se facilita al p\u00fablico informaci\u00f3n relativa a los servicios de\u00a0Bio Cosmetics S.L.. Le rogamos lea detenidamente la informaci\u00f3n que le facilitamos.\" \/>\n<meta name=\"robots\" content=\"index, follow, max-snippet:-1, max-image-preview:large, max-video-preview:-1\" \/>\n<link rel=\"canonical\" href=\"https:\/\/yotuel.com\/es\/aviso-legal\/\" \/>\n<meta property=\"og:locale\" content=\"es_ES\" \/>\n<meta property=\"og:type\" content=\"article\" \/>\n<meta property=\"og:title\" content=\"Aviso legal - Yotuel\" \/>\n<meta property=\"og:description\" content=\"Las presentes condiciones regulan el uso del sitio web donde se facilita al p\u00fablico informaci\u00f3n relativa a los servicios de\u00a0Bio Cosmetics S.L.. Le rogamos lea detenidamente la informaci\u00f3n que le facilitamos.\" \/>\n<meta property=\"og:url\" content=\"https:\/\/yotuel.com\/es\/aviso-legal\/\" \/>\n<meta property=\"og:site_name\" content=\"Yotuel\" \/>\n<meta property=\"article:modified_time\" content=\"2020-06-11T12:05:23+00:00\" \/>\n<meta name=\"twitter:card\" content=\"summary_large_image\" \/>\n<meta name=\"twitter:label1\" content=\"Tiempo de lectura\" \/>\n\t<meta name=\"twitter:data1\" content=\"6 minutos\" \/>\n<script type=\"application\/ld+json\" class=\"yoast-schema-graph\">{\"@context\":\"https:\\\/\\\/schema.org\",\"@graph\":[{\"@type\":\"WebPage\",\"@id\":\"https:\\\/\\\/yotuel.com\\\/es\\\/aviso-legal\\\/\",\"url\":\"https:\\\/\\\/yotuel.com\\\/es\\\/aviso-legal\\\/\",\"name\":\"Aviso legal - Yotuel\",\"isPartOf\":{\"@id\":\"https:\\\/\\\/yotuel.com\\\/es\\\/#website\"},\"datePublished\":\"2019-08-29T11:53:37+00:00\",\"dateModified\":\"2020-06-11T12:05:23+00:00\",\"description\":\"Las presentes condiciones regulan el uso del sitio web donde se facilita al p\u00fablico informaci\u00f3n relativa a los servicios de\u00a0Bio Cosmetics S.L.. Le rogamos lea detenidamente la informaci\u00f3n que le facilitamos.\",\"breadcrumb\":{\"@id\":\"https:\\\/\\\/yotuel.com\\\/es\\\/aviso-legal\\\/#breadcrumb\"},\"inLanguage\":\"es\",\"potentialAction\":[{\"@type\":\"ReadAction\",\"target\":[\"https:\\\/\\\/yotuel.com\\\/es\\\/aviso-legal\\\/\"]}]},{\"@type\":\"BreadcrumbList\",\"@id\":\"https:\\\/\\\/yotuel.com\\\/es\\\/aviso-legal\\\/#breadcrumb\",\"itemListElement\":[{\"@type\":\"ListItem\",\"position\":1,\"name\":\"Portada\",\"item\":\"https:\\\/\\\/yotuel.com\\\/es\\\/\"},{\"@type\":\"ListItem\",\"position\":2,\"name\":\"Aviso legal\"}]},{\"@type\":\"WebSite\",\"@id\":\"https:\\\/\\\/yotuel.com\\\/es\\\/#website\",\"url\":\"https:\\\/\\\/yotuel.com\\\/es\\\/\",\"name\":\"Yotuel\",\"description\":\"Protege y blanquea tus dientes\",\"potentialAction\":[{\"@type\":\"SearchAction\",\"target\":{\"@type\":\"EntryPoint\",\"urlTemplate\":\"https:\\\/\\\/yotuel.com\\\/es\\\/?s={search_term_string}\"},\"query-input\":{\"@type\":\"PropertyValueSpecification\",\"valueRequired\":true,\"valueName\":\"search_term_string\"}}],\"inLanguage\":\"es\"}]}<\/script>\n<!-- \/ Yoast SEO plugin. -->","yoast_head_json":{"title":"Aviso legal - Yotuel","description":"Las presentes condiciones regulan el uso del sitio web donde se facilita al p\u00fablico informaci\u00f3n relativa a los servicios de\u00a0Bio Cosmetics S.L.. Le rogamos lea detenidamente la informaci\u00f3n que le facilitamos.","robots":{"index":"index","follow":"follow","max-snippet":"max-snippet:-1","max-image-preview":"max-image-preview:large","max-video-preview":"max-video-preview:-1"},"canonical":"https:\/\/yotuel.com\/es\/aviso-legal\/","og_locale":"es_ES","og_type":"article","og_title":"Aviso legal - Yotuel","og_description":"Las presentes condiciones regulan el uso del sitio web donde se facilita al p\u00fablico informaci\u00f3n relativa a los servicios de\u00a0Bio Cosmetics S.L.. Le rogamos lea detenidamente la informaci\u00f3n que le facilitamos.","og_url":"https:\/\/yotuel.com\/es\/aviso-legal\/","og_site_name":"Yotuel","article_modified_time":"2020-06-11T12:05:23+00:00","twitter_card":"summary_large_image","twitter_misc":{"Tiempo de lectura":"6 minutos"},"schema":{"@context":"https:\/\/schema.org","@graph":[{"@type":"WebPage","@id":"https:\/\/yotuel.com\/es\/aviso-legal\/","url":"https:\/\/yotuel.com\/es\/aviso-legal\/","name":"Aviso legal - Yotuel","isPartOf":{"@id":"https:\/\/yotuel.com\/es\/#website"},"datePublished":"2019-08-29T11:53:37+00:00","dateModified":"2020-06-11T12:05:23+00:00","description":"Las presentes condiciones regulan el uso del sitio web donde se facilita al p\u00fablico informaci\u00f3n relativa a los servicios de\u00a0Bio Cosmetics S.L.. Le rogamos lea detenidamente la informaci\u00f3n que le facilitamos.","breadcrumb":{"@id":"https:\/\/yotuel.com\/es\/aviso-legal\/#breadcrumb"},"inLanguage":"es","potentialAction":[{"@type":"ReadAction","target":["https:\/\/yotuel.com\/es\/aviso-legal\/"]}]},{"@type":"BreadcrumbList","@id":"https:\/\/yotuel.com\/es\/aviso-legal\/#breadcrumb","itemListElement":[{"@type":"ListItem","position":1,"name":"Portada","item":"https:\/\/yotuel.com\/es\/"},{"@type":"ListItem","position":2,"name":"Aviso legal"}]},{"@type":"WebSite","@id":"https:\/\/yotuel.com\/es\/#website","url":"https:\/\/yotuel.com\/es\/","name":"Yotuel","description":"Protege y blanquea tus dientes","potentialAction":[{"@type":"SearchAction","target":{"@type":"EntryPoint","urlTemplate":"https:\/\/yotuel.com\/es\/?s={search_term_string}"},"query-input":{"@type":"PropertyValueSpecification","valueRequired":true,"valueName":"search_term_string"}}],"inLanguage":"es"}]}},"_links":{"self":[{"href":"https:\/\/yotuel.com\/es\/wp-json\/wp\/v2\/pages\/931","targetHints":{"allow":["GET"]}}],"collection":[{"href":"https:\/\/yotuel.com\/es\/wp-json\/wp\/v2\/pages"}],"about":[{"href":"https:\/\/yotuel.com\/es\/wp-json\/wp\/v2\/types\/page"}],"author":[{"embeddable":true,"href":"https:\/\/yotuel.com\/es\/wp-json\/wp\/v2\/users\/1"}],"replies":[{"embeddable":true,"href":"https:\/\/yotuel.com\/es\/wp-json\/wp\/v2\/comments?post=931"}],"version-history":[{"count":0,"href":"https:\/\/yotuel.com\/es\/wp-json\/wp\/v2\/pages\/931\/revisions"}],"wp:attachment":[{"href":"https:\/\/yotuel.com\/es\/wp-json\/wp\/v2\/media?parent=931"}],"curies":[{"name":"wp","href":"https:\/\/api.w.org\/{rel}","templated":true}]}}